{"id":2094,"date":"2026-03-05T00:02:48","date_gmt":"2026-03-04T21:02:48","guid":{"rendered":"https:\/\/shantipuhkemajad.ee\/?page_id=2094"},"modified":"2026-04-05T20:07:40","modified_gmt":"2026-04-05T17:07:40","slug":"kinkekaardid","status":"publish","type":"page","link":"https:\/\/shantipuhkemajad.ee\/en\/kinkekaardid\/","title":{"rendered":"Kinkekaardid"},"content":{"rendered":"<section class=\"bde-section-2094-100 bde-section\">\n              \n  \n  \n\t\n\n  <div class=\"section-background-overlay\"><\/div>\n\n\n<div class=\"section-container\"><div class=\"bde-rich-text-2094-101 bde-rich-text breakdance-rich-text-styles\">\n<section class=\"elementor-section elementor-top-section elementor-element elementor-element-e059ce7 elementor-section-boxed elementor-section-height-default elementor-section-height-default\" data-id=\"e059ce7\" data-element_type=\"section\" data-settings=\"{&quot;background_background&quot;:&quot;classic&quot;}\"><div class=\"elementor-container elementor-column-gap-narrow\"><div class=\"elementor-column elementor-col-100 elementor-top-column elementor-element elementor-element-368d409\" data-id=\"368d409\" data-element_type=\"column\"><div class=\"elementor-widget-wrap elementor-element-populated\"><div class=\"elementor-element elementor-element-8e3bedb elementor-widget__width-inherit elementor-absolute elementor-widget elementor-widget-text-editor\" data-id=\"8e3bedb\" data-element_type=\"widget\" data-settings=\"{&quot;_position&quot;:&quot;absolute&quot;}\" data-widget_type=\"text-editor.default\"><div class=\"elementor-widget-container\"><h2>Kingi puhkust!<\/h2><p>Puhanud inimene on r\u00f5\u00f5muks nii endale kui teistele!<\/p><\/div><\/div><\/div><\/div><\/div><\/section>\n<\/div><\/div>\n<\/section><section class=\"bde-section-2094-102 bde-section\">\n  \n  \n\t\n\n\n\n<div class=\"section-container\"><div class=\"bde-columns-2094-103 bde-columns\"><div class=\"bde-column-2094-104 bde-column\">\n  \n  \n\t\n\n\n\n<div class=\"bde-rich-text-2094-105 bde-rich-text breakdance-rich-text-styles\">\n<p>Kas soovite kinkida\u00a0 kindla kuup\u00e4evaga broneeringu v\u00f5i saab kingituse saaja valida aja ise?<\/p><h3><strong>GIFT CARD WITH CERTAIN DATES:\u00a0<\/strong><\/h3><p>\u2013 broneerige sobiv aeg Aasa- v\u00f5i Metsamaja kalendris<\/p><p>\u2013 lisainfos andke teada, et tegemist on kingitusega ja lisage kingituse saaja nimi<\/p><p>\u2013 me saadame nimelise kinkekaardi teie e-maili peale<\/p><h3><strong>GIFT CARD WITH OPEN DATES:<\/strong><\/h3><p>\u2013 saatke kinkekaardi soov koos soovitud summa ja kingituse saaja nimega info@shantipuhkemajad.ee<\/p><p>\u2013 me loome kingituse saajale allahindluskoodi ja saadame selle koos nimelise kinkekaardiga teie e-mailile<\/p><p><strong>Sample card amounts:<\/strong><\/p><p>1 \u00f6\u00f6 majutust kahele P-N*\/ R,L \u2013 159 \u20ac*\/ 189 \u20ac\u00a0<\/p><p>2 \u00f6\u00f6d majutust kahele P-N*\/R,L \u2013 278 \u20ac*\/ 338 \u20ac<\/p><p>* \u2013 madalam hind kehtib perioodil september \u2013 mai.<\/p><h3><strong>GENERAL TERMS AND CONDITIONS:<\/strong><\/h3><p>\u2013 kinkekaart kehtib 6 kuud alates ostukuup\u00e4evast<\/p><p>\u2013 kinkekaarte ei vahetata rahaks ega tagastata kasutamata j\u00e4\u00e4nud j\u00e4\u00e4ki<\/p>\n<\/div><div class=\"bde-button-2094-106 bde-button\">\n        \n    \n    \n    \n    \n            \n                    \n            \n            \n\n    \n    \n    \n    \n    \n    <a class=\"breakdance-link button-atom button-atom--secondary bde-button__button\" href=\"http:\/\/broneeri\" target=\"_self\" data-type=\"url\"  >\n\n    \n        <span class=\"button-atom__text\">Broneerima<\/span>\n\n        \n        \n                <\/a>\n\n    \n\n\n<\/div>\n<\/div><div class=\"bde-column-2094-107 bde-column\">\n  \n  \n\t\n\n\n\n<img data-recalc-dims=\"1\" decoding=\"async\" class=\"bde-image2-2094-108 bde-image2\" src=\"https:\/\/i0.wp.com\/shantipuhkemajad.ee\/wp-content\/uploads\/2023\/06\/Screenshot-2023-06-02-094157.jpg?ssl=1\" loading=\"lazy\" srcset=\"https:\/\/i0.wp.com\/shantipuhkemajad.ee\/wp-content\/uploads\/2023\/06\/Screenshot-2023-06-02-094157.jpg?w=885&amp;ssl=1 885w, https:\/\/i0.wp.com\/shantipuhkemajad.ee\/wp-content\/uploads\/2023\/06\/Screenshot-2023-06-02-094157.jpg?resize=202%2C300&amp;ssl=1 202w, https:\/\/i0.wp.com\/shantipuhkemajad.ee\/wp-content\/uploads\/2023\/06\/Screenshot-2023-06-02-094157.jpg?resize=691%2C1024&amp;ssl=1 691w, https:\/\/i0.wp.com\/shantipuhkemajad.ee\/wp-content\/uploads\/2023\/06\/Screenshot-2023-06-02-094157.jpg?resize=768%2C1139&amp;ssl=1 768w, https:\/\/i0.wp.com\/shantipuhkemajad.ee\/wp-content\/uploads\/2023\/06\/Screenshot-2023-06-02-094157.jpg?resize=8%2C12&amp;ssl=1 8w\" sizes=\"(max-width: 885px) 100vw, 885px\">\n<\/div><\/div><\/div>\n<\/section>","protected":false},"excerpt":{"rendered":"<p>Kingi puhkust!Puhanud inimene on r\u00f5\u00f5muks nii endale kui teistele! Kas soovite kinkida\u00a0 kindla kuup\u00e4evaga broneeringu v\u00f5i saab kingituse saaja valida aja ise?KINDLA KUUP\u00c4EVAGA KINKEKAART:\u00a0\u2013 broneerige sobiv aeg Aasa- v\u00f5i Metsamaja kalendris\u2013 lisainfos andke teada, et tegemist on kingitusega ja lisage kingituse saaja nimi\u2013 me saadame nimelise kinkekaardi teie e-maili pealeLAHTISE KUUP\u00c4EVAGA KINKEKAART:\u2013 saatke kinkekaardi soov [&hellip;]<\/p>","protected":false},"author":4,"featured_media":0,"parent":0,"menu_order":0,"comment_status":"closed","ping_status":"closed","template":"","meta":{"_monsterinsights_skip_tracking":false,"_monsterinsights_sitenote_active":false,"_monsterinsights_sitenote_note":"","_monsterinsights_sitenote_category":0,"_breakdance_hide_in_design_set":false,"_breakdance_tags":"","footnotes":""},"class_list":["post-2094","page","type-page","status-publish","hentry"],"aioseo_notices":[],"jetpack_sharing_enabled":true,"_links":{"self":[{"href":"https:\/\/shantipuhkemajad.ee\/en\/wp-json\/wp\/v2\/pages\/2094","targetHints":{"allow":["GET"]}}],"collection":[{"href":"https:\/\/shantipuhkemajad.ee\/en\/wp-json\/wp\/v2\/pages"}],"about":[{"href":"https:\/\/shantipuhkemajad.ee\/en\/wp-json\/wp\/v2\/types\/page"}],"author":[{"embeddable":true,"href":"https:\/\/shantipuhkemajad.ee\/en\/wp-json\/wp\/v2\/users\/4"}],"replies":[{"embeddable":true,"href":"https:\/\/shantipuhkemajad.ee\/en\/wp-json\/wp\/v2\/comments?post=2094"}],"version-history":[{"count":6,"href":"https:\/\/shantipuhkemajad.ee\/en\/wp-json\/wp\/v2\/pages\/2094\/revisions"}],"predecessor-version":[{"id":2179,"href":"https:\/\/shantipuhkemajad.ee\/en\/wp-json\/wp\/v2\/pages\/2094\/revisions\/2179"}],"wp:attachment":[{"href":"https:\/\/shantipuhkemajad.ee\/en\/wp-json\/wp\/v2\/media?parent=2094"}],"curies":[{"name":"wp","href":"https:\/\/api.w.org\/{rel}","templated":true}]}}