{"id":2073,"date":"2026-03-04T23:53:18","date_gmt":"2026-03-04T20:53:18","guid":{"rendered":"https:\/\/shantipuhkemajad.ee\/?page_id=2073"},"modified":"2026-04-23T05:35:11","modified_gmt":"2026-04-23T02:35:11","slug":"kontakt-2","status":"publish","type":"page","link":"https:\/\/shantipuhkemajad.ee\/en\/kontakt-2\/","title":{"rendered":"Contact"},"content":{"rendered":"<section class=\"bde-section-2073-100 bde-section\">\n              \n  \n  \n\t\n\n  <div class=\"section-background-overlay\"><\/div>\n\n\n<div class=\"section-container\"><div class=\"bde-rich-text-2073-101 bde-rich-text breakdance-rich-text-styles\">\n<h2>Contact us<\/h2><p class=\"elementor-heading-title elementor-size-medium\">Sul k\u00fcsimus? M\u00f5ni hea ettepanek? Soovid j\u00e4tta tagasisidet? See k\u00f5ik sobib siia. Ait\u00e4h, et meile kirjutad!<\/p>\n<\/div><\/div>\n<\/section><section class=\"bde-section-2073-102 bde-section\">\n  \n  \n\t\n\n\n\n<div class=\"section-container\"><div class=\"bde-columns-2073-103 bde-columns\"><div class=\"bde-column-2073-104 bde-column\">\n  \n  \n\t\n\n\n\n<h1 class=\"bde-heading-2073-105 bde-heading\">\nKirjuta meile! Vastame teile 1-3 t\u00f6\u00f6p\u00e4eva jooksul. \n<\/h1><div class=\"bde-form-builder-2073-106 bde-form-builder\">\n\n<form id=\"kontaktivorm106\" class=\"breakdance-form breakdance-form--vertical\" data-options=\"{&quot;slug&quot;:&quot;custom&quot;,&quot;name&quot;:&quot;Kontaktivorm&quot;,&quot;ajaxUrl&quot;:&quot;https:\\\/\\\/shantipuhkemajad.ee\\\/wp-admin\\\/admin-ajax.php&quot;,&quot;clearOnSuccess&quot;:true,&quot;hideOnSuccess&quot;:false,&quot;successMessage&quot;:&quot;Teie s\\u00f5num on edukalt saadetud!&quot;,&quot;errorMessage&quot;:&quot;Midagi l\\u00e4ks valesti. Proovige palun uuesti. &quot;,&quot;redirect&quot;:false,&quot;redirectUrl&quot;:&quot;&quot;,&quot;customJavaScript&quot;:&quot;&quot;,&quot;recaptcha&quot;:{&quot;key&quot;:&quot;&quot;,&quot;enabled&quot;:false},&quot;honeypot_enabled&quot;:false,&quot;popupsOnSuccess&quot;:[],&quot;popupsOnError&quot;:[]}\" data-steps=\"0\" action=\"\" >\n  \n  \n  \n<div class=\"breakdance-form-field breakdance-form-field--text\" >\n    \n    \n            <label class=\"breakdance-form-field__label\" for=\"name\">\n            T\u00e4isnimi<span class=\"breakdance-form-field__required\">*<\/span>\n        <\/label>\n    \n    <input\n    class=\"breakdance-form-field__input\"\n    id=\"name\"\n    aria-describedby=\"name\"\n    type=\"text\"\n    name=\"fields[name]\"\n    placeholder=\"\"\n    value=\"\"\n                \n        \n        \n    required\n>\n\n\n    \n    \n<\/div>\n\n\n<div class=\"breakdance-form-field breakdance-form-field--email\" >\n    \n    \n            <label class=\"breakdance-form-field__label\" for=\"email\">\n            E-posti aadress<span class=\"breakdance-form-field__required\">*<\/span>\n        <\/label>\n    \n    <input\n    class=\"breakdance-form-field__input\"\n    id=\"email\"\n    aria-describedby=\"email\"\n    type=\"email\"\n    name=\"fields[email]\"\n    placeholder=\"\"\n    value=\"\"\n                \n        \n        \n    required\n>\n\n\n    \n    \n<\/div>\n\n\n<div class=\"breakdance-form-field breakdance-form-field--text\" >\n    \n    \n            <label class=\"breakdance-form-field__label\" for=\"xotddk\">\n            P\u00f6\u00f6rdumise teema\n        <\/label>\n    \n    <input\n    class=\"breakdance-form-field__input\"\n    id=\"xotddk\"\n    aria-describedby=\"xotddk\"\n    type=\"text\"\n    name=\"fields[xotddk]\"\n    placeholder=\"\"\n    value=\"\"\n                \n        \n        \n    \n    \n    \n    \n    \n    \n>\n\n\n    \n    \n<\/div>\n\n\n<div class=\"breakdance-form-field breakdance-form-field--textarea\" >\n    \n    \n            <label class=\"breakdance-form-field__label\" for=\"message\">\n            Message<span class=\"breakdance-form-field__required\">*<\/span>\n        <\/label>\n    \n    <textarea\n    class=\"breakdance-form-field__input\"\n    id=\"message\"\n    aria-describedby=\"message\"\n    type=\"textarea\"\n    name=\"fields[message]\"\n        placeholder=\"\"\n    required\n>\n<\/textarea>\n\n\n    \n    \n<\/div><div class=\"breakdance-form-field breakdance-form-footer\">    \n    \n    \n    \n    \n            \n            <button type=\"submit\" class=\"button-atom button-atom--primary breakdance-form-button breakdance-form-button__submit\"  >\n    \n        <span class=\"button-atom__text\">Send<\/span>\n\n        \n        \n            <\/button>\n    \n    <input type=\"hidden\" name=\"form_id\" value=\"106\">\n    <input type=\"hidden\" name=\"post_id\" value=\"2073\">\n<\/div>\n\n  \n<input type=\"hidden\" name=\"trp-form-language\" value=\"en\"\/><\/form>\n\n\n<\/div>\n<\/div><div class=\"bde-column-2073-107 bde-column\">\n  \n  \n\t\n\n\n\n<div class=\"bde-rich-text-2073-108 bde-rich-text breakdance-rich-text-styles\">\n<div class=\"elementor-element elementor-element-1c5880c elementor-widget elementor-widget-heading\" data-id=\"1c5880c\" data-element_type=\"widget\" data-widget_type=\"heading.default\"><div class=\"elementor-widget-container\"><p class=\"elementor-heading-title elementor-size-default\">Shanti Puhkemajad O\u00dc<br \/>Registration code: 16306126<\/p><\/div><\/div>\n<\/div><div class=\"bde-icon-list-2073-109 bde-icon-list\">\n<ul>\n  \n              \n    <li>\n                      \n            \n            \n\n    \n    \n    \n    \n    \n    <a class=\"breakdance-link bde-icon-list__item-wrapper\" href=\"https:\/\/www.google.com\/maps\/place\/Shanti+Puhkemajad+O%C3%9C\/@59.3273672,24.1264545,17z\/data=!3m1!4b1!4m6!3m5!1s0x4692a7ba0b297da1:0x2ebd62d6f1d24874!8m2!3d59.3273672!4d24.1290294!16s%2Fg%2F11t4_n8qyq?entry=ttu&g_ep=EgoyMDI2MDIyNC4wIKXMDSoASAFQAw%3D%3D\" target=\"_self\" data-type=\"url\"  >\n\n      \n      <span class='bde-icon-list__icon' aria-hidden='true'>\n        <svg xmlns=\"http:\/\/www.w3.org\/2000\/svg\" viewbox=\"0 0 320 512\"><!--! Font Awesome Free 6.5.1 by @fontawesome - https:\/\/fontawesome.com License - https:\/\/fontawesome.com\/license\/free (Icons: CC BY 4.0, Fonts: SIL OFL 1.1, Code: MIT License) Copyright 2023 Fonticons, Inc. --><path d=\"M16 144a144 144 0 1 1 288 0A144 144 0 1 1 16 144zM160 80c8.8 0 16-7.2 16-16s-7.2-16-16-16c-53 0-96 43-96 96c0 8.8 7.2 16 16 16s16-7.2 16-16c0-35.3 28.7-64 64-64zM128 480V317.1c10.4 1.9 21.1 2.9 32 2.9s21.6-1 32-2.9V480c0 17.7-14.3 32-32 32s-32-14.3-32-32z\"\/><\/svg>\n      <\/span>\n      <span class='bde-icon-list__text' >\n      Jaama tee 4a, Laok\u00fcla, L\u00e4\u00e4ne-Harju vald\n      <\/span>\n                  <\/a>\n\n      \n    <\/li>\n\n  \n              \n    <li>\n                      \n            \n            \n\n    \n    \n    \n    \n    \n    <a class=\"breakdance-link bde-icon-list__item-wrapper\" href=\"tel:+372 5326 8097\" target=\"_self\" data-type=\"url\"  >\n\n      \n      <span class='bde-icon-list__icon' aria-hidden='true'>\n        <svg xmlns=\"http:\/\/www.w3.org\/2000\/svg\" viewbox=\"0 0 352 512\"><!-- Font Awesome Free 5.15.1 by @fontawesome - https:\/\/fontawesome.com License - https:\/\/fontawesome.com\/license\/free (Icons: CC BY 4.0, Fonts: SIL OFL 1.1, Code: MIT License) --><path d=\"M176 80c-52.94 0-96 43.06-96 96 0 8.84 7.16 16 16 16s16-7.16 16-16c0-35.3 28.72-64 64-64 8.84 0 16-7.16 16-16s-7.16-16-16-16zM96.06 459.17c0 3.15.93 6.22 2.68 8.84l24.51 36.84c2.97 4.46 7.97 7.14 13.32 7.14h78.85c5.36 0 10.36-2.68 13.32-7.14l24.51-36.84c1.74-2.62 2.67-5.7 2.68-8.84l.05-43.18H96.02l.04 43.18zM176 0C73.72 0 0 82.97 0 176c0 44.37 16.45 84.85 43.56 115.78 16.64 18.99 42.74 58.8 52.42 92.16v.06h48v-.12c-.01-4.77-.72-9.51-2.15-14.07-5.59-17.81-22.82-64.77-62.17-109.67-20.54-23.43-31.52-53.15-31.61-84.14-.2-73.64 59.67-128 127.95-128 70.58 0 128 57.42 128 128 0 30.97-11.24 60.85-31.65 84.14-39.11 44.61-56.42 91.47-62.1 109.46a47.507 47.507 0 0 0-2.22 14.3v.1h48v-.05c9.68-33.37 35.78-73.18 52.42-92.16C335.55 260.85 352 220.37 352 176 352 78.8 273.2 0 176 0z\"\/><\/svg>\n      <\/span>\n      <span class='bde-icon-list__text' >\n      +372 5326 8097\n      <\/span>\n                  <\/a>\n\n      \n    <\/li>\n\n  \n              \n    <li>\n                      \n            \n            \n\n    \n    \n    \n    \n    \n    <a class=\"breakdance-link bde-icon-list__item-wrapper\" href=\"mailto:info@shantipuhkemajad.ee\" target=\"_self\" data-type=\"url\"  >\n\n      \n      <span class='bde-icon-list__icon' aria-hidden='true'>\n        <svg xmlns=\"http:\/\/www.w3.org\/2000\/svg\" viewbox=\"0 0 512 512\"><!--! Font Awesome Free 6.5.1 by @fontawesome - https:\/\/fontawesome.com License - https:\/\/fontawesome.com\/license\/free (Icons: CC BY 4.0, Fonts: SIL OFL 1.1, Code: MIT License) Copyright 2023 Fonticons, Inc. --><path d=\"M255.4 48.2c.2-.1 .4-.2 .6-.2s.4 .1 .6 .2L460.6 194c2.1 1.5 3.4 3.9 3.4 6.5v13.6L291.5 355.7c-20.7 17-50.4 17-71.1 0L48 214.1V200.5c0-2.6 1.2-5 3.4-6.5L255.4 48.2zM48 276.2L190 392.8c38.4 31.5 93.7 31.5 132 0L464 276.2V456c0 4.4-3.6 8-8 8H56c-4.4 0-8-3.6-8-8V276.2zM256 0c-10.2 0-20.2 3.2-28.5 9.1L23.5 154.9C8.7 165.4 0 182.4 0 200.5V456c0 30.9 25.1 56 56 56H456c30.9 0 56-25.1 56-56V200.5c0-18.1-8.7-35.1-23.4-45.6L284.5 9.1C276.2 3.2 266.2 0 256 0z\"\/><\/svg>\n      <\/span>\n      <span class='bde-icon-list__text' >\n      info@shantipuhkemajad.ee\n      <\/span>\n                  <\/a>\n\n      \n    <\/li>\n\n  <\/ul>\n\n<\/div><div class=\"bde-rich-text-2073-110 bde-rich-text breakdance-rich-text-styles\">\n<p>J\u00c4LGI MEID<\/p>\n<\/div><div class=\"bde-social-icons-2073-111 bde-social-icons\">\n                  \n            \n            \n\n    \n    \n    \n    \n    \n    <a class=\"breakdance-link bde-social-icons__icon-wrapper bde-social-icons__icon-facebook\" href=\"https:\/\/www.facebook.com\/ShantiPuhkemajad\" target=\"_blank\" data-type=\"url\" aria-label=\"facebook\" >\n\n             <svg xmlns=\"http:\/\/www.w3.org\/2000\/svg\" width=\"100%\" viewbox=\"0 0 24 24\">\n            <path d=\"M9 8h-3v4h3v12h5v-12h3.642l.358-4h-4v-1.667c0-.955.192-1.333 1.115-1.333h2.885v-5h-3.808c-3.596 0-5.192 1.583-5.192 4.615v3.385z\"\/>\n       <\/svg>\n              <\/a>\n\n                    \n            \n            \n\n    \n    \n    \n    \n    \n    <a class=\"breakdance-link bde-social-icons__icon-wrapper bde-social-icons__icon-instagram\" href=\"https:\/\/www.instagram.com\/shantipuhkemajad\/?hl=en\" target=\"_self\" data-type=\"url\" aria-label=\"instagram\" >\n\n             <svg xmlns=\"http:\/\/www.w3.org\/2000\/svg\" width=\"100%\" viewbox=\"0 0 24 24\">\n            <path d=\"M12 2.163c3.204 0 3.584.012 4.85.07 3.252.148 4.771 1.691 4.919 4.919.058 1.265.069 1.645.069 4.849 0 3.205-.012 3.584-.069 4.849-.149 3.225-1.664 4.771-4.919 4.919-1.266.058-1.644.07-4.85.07-3.204 0-3.584-.012-4.849-.07-3.26-.149-4.771-1.699-4.919-4.92-.058-1.265-.07-1.644-.07-4.849 0-3.204.013-3.583.07-4.849.149-3.227 1.664-4.771 4.919-4.919 1.266-.057 1.645-.069 4.849-.069zm0-2.163c-3.259 0-3.667.014-4.947.072-4.358.2-6.78 2.618-6.98 6.98-.059 1.281-.073 1.689-.073 4.948 0 3.259.014 3.668.072 4.948.2 4.358 2.618 6.78 6.98 6.98 1.281.058 1.689.072 4.948.072 3.259 0 3.668-.014 4.948-.072 4.354-.2 6.782-2.618 6.979-6.98.059-1.28.073-1.689.073-4.948 0-3.259-.014-3.667-.072-4.947-.196-4.354-2.617-6.78-6.979-6.98-1.281-.059-1.69-.073-4.949-.073zm0 5.838c-3.403 0-6.162 2.759-6.162 6.162s2.759 6.163 6.162 6.163 6.162-2.759 6.162-6.163c0-3.403-2.759-6.162-6.162-6.162zm0 10.162c-2.209 0-4-1.79-4-4 0-2.209 1.791-4 4-4s4 1.791 4 4c0 2.21-1.791 4-4 4zm6.406-11.845c-.796 0-1.441.645-1.441 1.44s.645 1.44 1.441 1.44c.795 0 1.439-.645 1.439-1.44s-.644-1.44-1.439-1.44z\"\/>\n       <\/svg>\n              <\/a>\n\n    \n<\/div>\n<\/div><\/div><div class=\"bde-google-map-2073-112 bde-google-map\">\r\n<iframe width=\"100%\" height=\"100%\" style=\"border:0\" loading=\"lazy\" title=\"Map\" src=\"https:\/\/maps.google.com\/maps?q=Jaama+tee+4a%3Cbr%3E%3Cbr%3ELaok%C3%BCla%2C+L%C3%A4%C3%A4ne-Harju+vald&t=m&z=14&output=embed&iwloc=near\" allowfullscreen><\/iframe>\n<\/div><\/div>\n<\/section>","protected":false},"excerpt":{"rendered":"<p>V\u00f5ta meiega \u00fchendustSul k\u00fcsimus? M\u00f5ni hea ettepanek? Soovid j\u00e4tta tagasisidet? See k\u00f5ik sobib siia. Ait\u00e4h, et meile kirjutad! Kirjuta meile! Vastame teile 1-3 t\u00f6\u00f6p\u00e4eva jooksul. T\u00e4isnimi* E-posti aadress* P\u00f6\u00f6rdumise teema S\u00f5num* Saada Shanti Puhkemajad O\u00dcRegistrikood: 16306126 Jaama tee 4a, Laok\u00fcla, L\u00e4\u00e4ne-Harju vald +372 5326 8097 info@shantipuhkemajad.ee J\u00c4LGI MEID<\/p>","protected":false},"author":4,"featured_media":0,"parent":0,"menu_order":0,"comment_status":"closed","ping_status":"closed","template":"","meta":{"_monsterinsights_skip_tracking":false,"_monsterinsights_sitenote_active":false,"_monsterinsights_sitenote_note":"","_monsterinsights_sitenote_category":0,"_breakdance_hide_in_design_set":false,"_breakdance_tags":"","footnotes":""},"class_list":["post-2073","page","type-page","status-publish","hentry"],"aioseo_notices":[],"jetpack_sharing_enabled":true,"_links":{"self":[{"href":"https:\/\/shantipuhkemajad.ee\/en\/wp-json\/wp\/v2\/pages\/2073","targetHints":{"allow":["GET"]}}],"collection":[{"href":"https:\/\/shantipuhkemajad.ee\/en\/wp-json\/wp\/v2\/pages"}],"about":[{"href":"https:\/\/shantipuhkemajad.ee\/en\/wp-json\/wp\/v2\/types\/page"}],"author":[{"embeddable":true,"href":"https:\/\/shantipuhkemajad.ee\/en\/wp-json\/wp\/v2\/users\/4"}],"replies":[{"embeddable":true,"href":"https:\/\/shantipuhkemajad.ee\/en\/wp-json\/wp\/v2\/comments?post=2073"}],"version-history":[{"count":12,"href":"https:\/\/shantipuhkemajad.ee\/en\/wp-json\/wp\/v2\/pages\/2073\/revisions"}],"predecessor-version":[{"id":2348,"href":"https:\/\/shantipuhkemajad.ee\/en\/wp-json\/wp\/v2\/pages\/2073\/revisions\/2348"}],"wp:attachment":[{"href":"https:\/\/shantipuhkemajad.ee\/en\/wp-json\/wp\/v2\/media?parent=2073"}],"curies":[{"name":"wp","href":"https:\/\/api.w.org\/{rel}","templated":true}]}}