{"id":2066,"date":"2026-03-04T23:48:53","date_gmt":"2026-03-04T20:48:53","guid":{"rendered":"https:\/\/shantipuhkemajad.ee\/?page_id=2066"},"modified":"2026-04-23T04:51:28","modified_gmt":"2026-04-23T01:51:28","slug":"kodukord","status":"publish","type":"page","link":"https:\/\/shantipuhkemajad.ee\/en\/kodukord\/","title":{"rendered":"House rules"},"content":{"rendered":"<section class=\"bde-section-2066-100 bde-section\">\n              \n  \n  \n\t\n\n  <div class=\"section-background-overlay\"><\/div>\n\n\n<div class=\"section-container\"><div class=\"bde-rich-text-2066-101 bde-rich-text breakdance-rich-text-styles\">\n<h2>House rules<\/h2><p class=\"elementor-heading-title elementor-size-medium\">By following the house rules, together we can ensure the safety, comfort and sustainability of  guesthouse property and the environment.<\/p>\n<\/div><\/div>\n<\/section><section class=\"bde-section-2066-102 bde-section\">\n  \n  \n\t\n\n\n\n<div class=\"section-container\"><div class=\"bde-rich-text-2066-103 bde-rich-text breakdance-rich-text-styles\">\n<h2>House rules<\/h2><p>Take good care of our inventory and surrounding environment!<\/p><ul><li><p>Sisseregistreerimine Aasamajja\/ Metsamajja alates 15:00\/ 16:00 ja v\u00e4ljaregistreerimine hiljemalt 11:00\/ 12:00, kui ei ole majutajaga eelnevalt teisiti kokku lepitud.<\/p><\/li><li><p>Park your car only in a designated area [P]<\/p><\/li><li><p>The house key is located in the keybox. Your personal pin-code will be sent in advance by e-mail or sms.<\/p><\/li><li><p>The houses are designed for you two, or a family with 2 children (Meadow House).<\/p><\/li><li><p>Only registered guests are allowed at the house, sauna and territory<\/p><\/li><li><p>If you want to take a well behaving smaller pets, please pre-agreed it with the host<\/p><\/li><li><p>Parties are not allowed!<\/p><\/li><li><p>Don`t smoke or wear shoes inside the house or sauna<\/p><\/li><li><p>If you brake or damage something, please let the host know right away. The guests are liable for the damage of the property<\/p><\/li><\/ul><h2>Before you go..<\/h2><ul><li><p>Leave the house and territory clean, wash your dishes and bring your garbage in the containers at the parking lot<\/p><\/li><li><p>Close all doors and windows and leave the key in the keybox!<\/p><\/li><li><p>Kui juhtub, et lahkute enne check out`i, siis oleksime selle info eest t\u00e4nulikud<\/p><\/li><\/ul><h2>Save the planet!<\/h2><ul><li><p>Keep all you have here! That way you are kept, too!<\/p><\/li><li><p>Use only as much water as you need. In order to protect our groundwater, we collect every used drop of water and drive it to the treatment plant<\/p><\/li><li><p>When heating and cooling the house, please keep doors and windows closed. Switch off all electrical equipment and lighting not in use<\/p><\/li><li><p>Keep the sauna door always closed, and as soon as you are finished, switch the electrical heater off.<\/p><\/li><li><p>Preserve all the growing plants in the territory. Do not break the branches, step on plants, or harm them in any other way!<\/p><\/li><li><p>Sort the garbage according to the instructions shown on the sorter. That way we can affect the garbage circulation and collection fees.<\/p><\/li><li><p>Avoid making noise that could disturb our neighbors and the surrounding nature.<\/p><\/li><\/ul><h2>Fire safety<\/h2><ul><li><p>Tulekahju korral taga enda ja oma l\u00e4hedaste ohutus ja kui p\u00f5lengut ei ole v\u00f5imalik iseseisvalt kustutada, helista 112. Samuti informeeri koheselt ka majutajat\u00a0 numbril <a href=\"tel:+372 5326 8097.\">+372 5326 8097.<\/a><\/p><\/li><li><p>Keep burning candles and incenses only on proper holders. Make sure there are no flammable objects. Never leave lit candles and incense without supervision.<\/p><\/li><li><p>Smoke only outside and always use the ashtray!<\/p><\/li><li><p>Do not remove the grill from a non-combustible surface or leave it lit without supervision!<\/p><\/li><li><p>Make sure there are no foreign objects on or near the sauna heater. Always keep the fireplace door closed and don`t overheat the sauna!<\/p><\/li><li><p>Making campfire is allowed only in the prepared place. Don't make a campfire, when the weather is windy and\/or there are general fire making bans!<\/p><\/li><li><p>Fire extinguishing equipment is located in the storage room under the stairs.<\/p><\/li><\/ul><p><strong>Feel yourself like home, but also make sure that the next visitor here could feel the same.<\/strong><\/p>\n<\/div><\/div>\n<\/section>","protected":false},"excerpt":{"rendered":"<p>KodukordJ\u00e4rgides siintoodud juhiseid ja reegleid saame tagada k\u00f5igi ohutuse, mugavuse ja vara ning keskkonna s\u00e4ilimise KodukordSuhtu heaperemehelikult hoonetesse, inventari ja \u00fcmbritsevasse keskkonda!Sisseregistreerimine Aasamajja\/ Metsamajja alates 15:00\/ 16:00 ja v\u00e4ljaregistreerimine hiljemalt 11:00\/ 12:00, kui ei ole majutajaga eelnevalt teisiti kokku lepitud.Pargi oma s\u00f5iduk ainult selleks etten\u00e4htud alale [P]Maja v\u00f5ti asub terrassil v\u00f5tmekarbis. Teie personaalne pin-kood saadetakse [&hellip;]<\/p>","protected":false},"author":4,"featured_media":0,"parent":0,"menu_order":0,"comment_status":"closed","ping_status":"closed","template":"","meta":{"_monsterinsights_skip_tracking":false,"_monsterinsights_sitenote_active":false,"_monsterinsights_sitenote_note":"","_monsterinsights_sitenote_category":0,"_breakdance_hide_in_design_set":false,"_breakdance_tags":"","footnotes":""},"class_list":["post-2066","page","type-page","status-publish","hentry"],"aioseo_notices":[],"jetpack_sharing_enabled":true,"_links":{"self":[{"href":"https:\/\/shantipuhkemajad.ee\/en\/wp-json\/wp\/v2\/pages\/2066","targetHints":{"allow":["GET"]}}],"collection":[{"href":"https:\/\/shantipuhkemajad.ee\/en\/wp-json\/wp\/v2\/pages"}],"about":[{"href":"https:\/\/shantipuhkemajad.ee\/en\/wp-json\/wp\/v2\/types\/page"}],"author":[{"embeddable":true,"href":"https:\/\/shantipuhkemajad.ee\/en\/wp-json\/wp\/v2\/users\/4"}],"replies":[{"embeddable":true,"href":"https:\/\/shantipuhkemajad.ee\/en\/wp-json\/wp\/v2\/comments?post=2066"}],"version-history":[{"count":11,"href":"https:\/\/shantipuhkemajad.ee\/en\/wp-json\/wp\/v2\/pages\/2066\/revisions"}],"predecessor-version":[{"id":2336,"href":"https:\/\/shantipuhkemajad.ee\/en\/wp-json\/wp\/v2\/pages\/2066\/revisions\/2336"}],"wp:attachment":[{"href":"https:\/\/shantipuhkemajad.ee\/en\/wp-json\/wp\/v2\/media?parent=2066"}],"curies":[{"name":"wp","href":"https:\/\/api.w.org\/{rel}","templated":true}]}}